{"id":223,"date":"2026-02-28T15:11:54","date_gmt":"2026-02-28T14:11:54","guid":{"rendered":"https:\/\/pepinieredugarbet.com\/?page_id=223"},"modified":"2026-02-28T15:39:19","modified_gmt":"2026-02-28T14:39:19","slug":"nos-stages","status":"publish","type":"page","link":"https:\/\/pepinieredugarbet.com\/index.php\/nos-stages\/","title":{"rendered":"Nos stages"},"content":{"rendered":"\n<style>\n\/* ===== Page \"Nos stages\" \u2013 correctifs marge + titre unique ===== *\/\n.nos-stages-wrap{\n  width:100%;\n  padding:0;\n  box-sizing:border-box;\n  text-align:left; \/* \u2705 force l'alignement \u00e0 gauche *\/\n}\n\n\/* \u00e9vite un gros vide au d\u00e9but si le th\u00e8me met des marges *\/\n.nos-stages-wrap > *:first-child{ margin-top:0 !important; }\n\n.nos-stages-intro{font-size:14pt;line-height:1.5;margin-top:0}\n.nos-stages-cta{\n  display:inline-block;\n  background:#c67528;\n  color:#ffffff !important;\n  padding:1em 1.1em;\n  border-radius:0.25em;\n  text-decoration:none;\n  font-weight:700;\n  border:1px solid rgba(0,0,0,0.12);\n  margin-right:10px;\n  margin-bottom:10px;\n}\n.nos-stages-cta:hover{ background:#f1d065; color:#372f2d !important; }\n\n.nos-stages-card{\n  border:1px solid rgba(0,0,0,0.12);\n  border-radius:10px;\n  padding:18px;\n  margin:18px 0;\n  background:#ffffff;\n}\n\n.nos-stages-badge{\n  display:inline-block;\n  background:#d1c391;\n  padding:8px 10px;\n  border-radius:8px;\n  font-weight:700;\n  margin-bottom:10px;\n}\n\n.nos-stages-grid{\n  display:flex;\n  gap:18px;\n  flex-wrap:wrap;\n  align-items:flex-start;\n}\n\n.nos-stages-col{ flex:1 1 340px; min-width:280px; }\n\n.nos-stages-hr{width:70%;margin:22px 0;} \/* \u2705 plus \u201c\u00e0 gauche\u201d comme tes autres pages *\/\n.nos-stages-small{font-size:12.5pt;line-height:1.5}\n<\/style>\n\n<div class=\"nos-stages-wrap\">\n\n\n\n  <p class=\"nos-stages-intro\">\n    La P\u00e9pini\u00e8re du Garbet propose des stages pratiques autour des arbres fruitiers (greffage, conduite, etc.).\n    Retrouvez ci-dessous le stage actuellement ouvert aux inscriptions.\n  <\/p>\n\n\n\n  <div class=\"nos-stages-card\">\n    <p class=\"nos-stages-badge\">Stage \u2013 1 journ\u00e9e \u2013 45 \u20ac<\/p>\n\n    <h2>Stage d\u2019initiation au greffage des arbres fruitiers<\/h2>\n\n    <p class=\"nos-stages-small\"><strong>P\u00e9riode :<\/strong> au cours du mois de mars (dates \u00e0 d\u00e9finir en fonction des inscriptions).<\/p>\n    <p class=\"nos-stages-small\"><strong>Objectif :<\/strong> acqu\u00e9rir les bases th\u00e9oriques et techniques pour r\u00e9ussir vos greffes, et repartir avec vos propres fruitiers greff\u00e9s, pr\u00eats \u00e0 \u00eatre plant\u00e9s chez vous.<\/p>\n\n    <div class=\"nos-stages-grid\">\n      <div class=\"nos-stages-col\">\n        <h3>Au programme \u2013 le matin (en salle)<\/h3>\n        <ul class=\"nos-stages-small\">\n          <li><strong>Le principe de la greffe<\/strong> : pourquoi greffer, et ses avantages (production, sauvegarde de vari\u00e9t\u00e9s, adaptation des arbres\u2026).<\/li>\n          <li><strong>Comment greffer<\/strong> : quelles techniques selon l\u2019esp\u00e8ce et le calendrier (greffe en anglaise, en fente, en couronne, en \u00e9cusson\u2026).<\/li>\n          <li><strong>Sur quoi greffer<\/strong> : choix du porte-greffe, surgreffage.<\/li>\n          <li><strong>Greffons<\/strong> : comment choisir, pr\u00e9lever et conserver.<\/li>\n          <li><strong>Avant \/ apr\u00e8s<\/strong> : les bons gestes pour maximiser la reprise.<\/li>\n        <\/ul>\n      <\/div>\n\n      <div class=\"nos-stages-col\">\n        <h3>L\u2019apr\u00e8s-midi (en ext\u00e9rieur) \u2013 pratique<\/h3>\n        <ul class=\"nos-stages-small\">\n          <li>Pratique des diff\u00e9rents types de greffes (sur table et sur pieds).<\/li>\n          <li>Vous greffez un <strong>pommier \u201csur table\u201d<\/strong> et repartez avec \u00e0 la fin de la journ\u00e9e.<\/li>\n        <\/ul>\n\n        <h3>Infos pratiques<\/h3>\n        <ul class=\"nos-stages-small\">\n          <li>Mat\u00e9riel, porte-greffes et greffons <strong>fournis<\/strong>.<\/li>\n          <li>Vous pouvez venir avec votre mat\u00e9riel et vos greffons (si vous souhaitez reproduire une vari\u00e9t\u00e9).<\/li>\n          <li>Repas : <strong>pique-nique tir\u00e9 du sac<\/strong> et partag\u00e9.<\/li>\n          <li>Inscription : par t\u00e9l\u00e9phone ou via la page Contact.<\/li>\n        <\/ul>\n      <\/div>\n    <\/div>\n\n    <p>\n      <a class=\"nos-stages-cta\" href=\"https:\/\/pepinieredugarbet.com\/index.php\/contact-pepiniere-garbet-arbres-fruitiers-pyrenees-cousserans-erce\/\">S\u2019inscrire \/ Nous contacter<\/a>\n      <a class=\"nos-stages-cta\" href=\"tel:+33783851816\">Appeler : 07 83 85 18 16<\/a>\n    <\/p>\n  <\/div>\n\n  <p class=\"nos-stages-small\"><em>\n    Vous souhaitez organiser un stage pour un groupe (association, \u00e9cole, entreprise) ? Contactez-nous et nous verrons ensemble le format et les dates.\n  <\/em><\/p>\n\n<\/div>\n","protected":false},"excerpt":{"rendered":"<p>La P\u00e9pini\u00e8re du Garbet propose des stages pratiques autour des arbres fruitiers (greffage, conduite, etc.). Retrouvez ci-dessous le stage actuellement ouvert aux inscriptions. Stage \u2013 1 journ\u00e9e \u2013 45 \u20ac Stage d\u2019initiation au greffage des arbres fruitiers P\u00e9riode : au cours du mois de mars (dates \u00e0 d\u00e9finir en fonction des inscriptions). Objectif : acqu\u00e9rirContinue reading &rarr;<\/p>\n","protected":false},"author":1,"featured_media":0,"parent":0,"menu_order":0,"comment_status":"closed","ping_status":"closed","template":"","meta":{"footnotes":""},"class_list":["post-223","page","type-page","status-publish","hentry","no-thumb"],"yoast_head":"<!-- This site is optimized with the Yoast SEO plugin v26.5 - https:\/\/yoast.com\/wordpress\/plugins\/seo\/ -->\n<title>Nos stages - La p\u00e9pini\u00e8re du Garbet<\/title>\n<meta name=\"robots\" content=\"index, follow, max-snippet:-1, max-image-preview:large, max-video-preview:-1\" \/>\n<link rel=\"canonical\" href=\"https:\/\/pepinieredugarbet.com\/index.php\/nos-stages\/\" \/>\n<meta property=\"og:locale\" content=\"en_US\" \/>\n<meta property=\"og:type\" content=\"article\" \/>\n<meta property=\"og:title\" content=\"Nos stages - La p\u00e9pini\u00e8re du Garbet\" \/>\n<meta property=\"og:description\" content=\"La P\u00e9pini\u00e8re du Garbet propose des stages pratiques autour des arbres fruitiers (greffage, conduite, etc.). Retrouvez ci-dessous le stage actuellement ouvert aux inscriptions. Stage \u2013 1 journ\u00e9e \u2013 45 \u20ac Stage d\u2019initiation au greffage des arbres fruitiers P\u00e9riode : au cours du mois de mars (dates \u00e0 d\u00e9finir en fonction des inscriptions). Objectif : acqu\u00e9rirContinue reading &rarr;\" \/>\n<meta property=\"og:url\" content=\"https:\/\/pepinieredugarbet.com\/index.php\/nos-stages\/\" \/>\n<meta property=\"og:site_name\" content=\"La p\u00e9pini\u00e8re du Garbet\" \/>\n<meta property=\"article:modified_time\" content=\"2026-02-28T14:39:19+00:00\" \/>\n<meta name=\"twitter:card\" content=\"summary_large_image\" \/>\n<meta name=\"twitter:label1\" content=\"Est. reading time\" \/>\n\t<meta name=\"twitter:data1\" content=\"2 minutes\" \/>\n<script type=\"application\/ld+json\" class=\"yoast-schema-graph\">{\"@context\":\"https:\/\/schema.org\",\"@graph\":[{\"@type\":\"WebPage\",\"@id\":\"https:\/\/pepinieredugarbet.com\/index.php\/nos-stages\/\",\"url\":\"https:\/\/pepinieredugarbet.com\/index.php\/nos-stages\/\",\"name\":\"Nos stages - La p\u00e9pini\u00e8re du Garbet\",\"isPartOf\":{\"@id\":\"https:\/\/pepinieredugarbet.com\/#website\"},\"datePublished\":\"2026-02-28T14:11:54+00:00\",\"dateModified\":\"2026-02-28T14:39:19+00:00\",\"breadcrumb\":{\"@id\":\"https:\/\/pepinieredugarbet.com\/index.php\/nos-stages\/#breadcrumb\"},\"inLanguage\":\"en-US\",\"potentialAction\":[{\"@type\":\"ReadAction\",\"target\":[\"https:\/\/pepinieredugarbet.com\/index.php\/nos-stages\/\"]}]},{\"@type\":\"BreadcrumbList\",\"@id\":\"https:\/\/pepinieredugarbet.com\/index.php\/nos-stages\/#breadcrumb\",\"itemListElement\":[{\"@type\":\"ListItem\",\"position\":1,\"name\":\"Accueil\",\"item\":\"https:\/\/pepinieredugarbet.com\/\"},{\"@type\":\"ListItem\",\"position\":2,\"name\":\"Nos stages\"}]},{\"@type\":\"WebSite\",\"@id\":\"https:\/\/pepinieredugarbet.com\/#website\",\"url\":\"https:\/\/pepinieredugarbet.com\/\",\"name\":\"La p\u00e9pini\u00e8re du Garbet\",\"description\":\"Production de plants d&#039;arbres fruitiers en Ari\u00e8ge\",\"publisher\":{\"@id\":\"https:\/\/pepinieredugarbet.com\/#organization\"},\"potentialAction\":[{\"@type\":\"SearchAction\",\"target\":{\"@type\":\"EntryPoint\",\"urlTemplate\":\"https:\/\/pepinieredugarbet.com\/?s={search_term_string}\"},\"query-input\":{\"@type\":\"PropertyValueSpecification\",\"valueRequired\":true,\"valueName\":\"search_term_string\"}}],\"inLanguage\":\"en-US\"},{\"@type\":\"Organization\",\"@id\":\"https:\/\/pepinieredugarbet.com\/#organization\",\"name\":\"La p\u00e9pini\u00e8re du Garbet\",\"url\":\"https:\/\/pepinieredugarbet.com\/\",\"logo\":{\"@type\":\"ImageObject\",\"inLanguage\":\"en-US\",\"@id\":\"https:\/\/pepinieredugarbet.com\/#\/schema\/logo\/image\/\",\"url\":\"https:\/\/pepinieredugarbet.com\/wp-content\/uploads\/2024\/11\/logo-pepiniere-du-garbet.jpg\",\"contentUrl\":\"https:\/\/pepinieredugarbet.com\/wp-content\/uploads\/2024\/11\/logo-pepiniere-du-garbet.jpg\",\"width\":313,\"height\":170,\"caption\":\"La p\u00e9pini\u00e8re du Garbet\"},\"image\":{\"@id\":\"https:\/\/pepinieredugarbet.com\/#\/schema\/logo\/image\/\"}}]}<\/script>\n<!-- \/ Yoast SEO plugin. -->","yoast_head_json":{"title":"Nos stages - La p\u00e9pini\u00e8re du Garbet","robots":{"index":"index","follow":"follow","max-snippet":"max-snippet:-1","max-image-preview":"max-image-preview:large","max-video-preview":"max-video-preview:-1"},"canonical":"https:\/\/pepinieredugarbet.com\/index.php\/nos-stages\/","og_locale":"en_US","og_type":"article","og_title":"Nos stages - La p\u00e9pini\u00e8re du Garbet","og_description":"La P\u00e9pini\u00e8re du Garbet propose des stages pratiques autour des arbres fruitiers (greffage, conduite, etc.). Retrouvez ci-dessous le stage actuellement ouvert aux inscriptions. Stage \u2013 1 journ\u00e9e \u2013 45 \u20ac Stage d\u2019initiation au greffage des arbres fruitiers P\u00e9riode : au cours du mois de mars (dates \u00e0 d\u00e9finir en fonction des inscriptions). Objectif : acqu\u00e9rirContinue reading &rarr;","og_url":"https:\/\/pepinieredugarbet.com\/index.php\/nos-stages\/","og_site_name":"La p\u00e9pini\u00e8re du Garbet","article_modified_time":"2026-02-28T14:39:19+00:00","twitter_card":"summary_large_image","twitter_misc":{"Est. reading time":"2 minutes"},"schema":{"@context":"https:\/\/schema.org","@graph":[{"@type":"WebPage","@id":"https:\/\/pepinieredugarbet.com\/index.php\/nos-stages\/","url":"https:\/\/pepinieredugarbet.com\/index.php\/nos-stages\/","name":"Nos stages - La p\u00e9pini\u00e8re du Garbet","isPartOf":{"@id":"https:\/\/pepinieredugarbet.com\/#website"},"datePublished":"2026-02-28T14:11:54+00:00","dateModified":"2026-02-28T14:39:19+00:00","breadcrumb":{"@id":"https:\/\/pepinieredugarbet.com\/index.php\/nos-stages\/#breadcrumb"},"inLanguage":"en-US","potentialAction":[{"@type":"ReadAction","target":["https:\/\/pepinieredugarbet.com\/index.php\/nos-stages\/"]}]},{"@type":"BreadcrumbList","@id":"https:\/\/pepinieredugarbet.com\/index.php\/nos-stages\/#breadcrumb","itemListElement":[{"@type":"ListItem","position":1,"name":"Accueil","item":"https:\/\/pepinieredugarbet.com\/"},{"@type":"ListItem","position":2,"name":"Nos stages"}]},{"@type":"WebSite","@id":"https:\/\/pepinieredugarbet.com\/#website","url":"https:\/\/pepinieredugarbet.com\/","name":"La p\u00e9pini\u00e8re du Garbet","description":"Production de plants d&#039;arbres fruitiers en Ari\u00e8ge","publisher":{"@id":"https:\/\/pepinieredugarbet.com\/#organization"},"potentialAction":[{"@type":"SearchAction","target":{"@type":"EntryPoint","urlTemplate":"https:\/\/pepinieredugarbet.com\/?s={search_term_string}"},"query-input":{"@type":"PropertyValueSpecification","valueRequired":true,"valueName":"search_term_string"}}],"inLanguage":"en-US"},{"@type":"Organization","@id":"https:\/\/pepinieredugarbet.com\/#organization","name":"La p\u00e9pini\u00e8re du Garbet","url":"https:\/\/pepinieredugarbet.com\/","logo":{"@type":"ImageObject","inLanguage":"en-US","@id":"https:\/\/pepinieredugarbet.com\/#\/schema\/logo\/image\/","url":"https:\/\/pepinieredugarbet.com\/wp-content\/uploads\/2024\/11\/logo-pepiniere-du-garbet.jpg","contentUrl":"https:\/\/pepinieredugarbet.com\/wp-content\/uploads\/2024\/11\/logo-pepiniere-du-garbet.jpg","width":313,"height":170,"caption":"La p\u00e9pini\u00e8re du Garbet"},"image":{"@id":"https:\/\/pepinieredugarbet.com\/#\/schema\/logo\/image\/"}}]}},"_links":{"self":[{"href":"https:\/\/pepinieredugarbet.com\/index.php\/wp-json\/wp\/v2\/pages\/223","targetHints":{"allow":["GET"]}}],"collection":[{"href":"https:\/\/pepinieredugarbet.com\/index.php\/wp-json\/wp\/v2\/pages"}],"about":[{"href":"https:\/\/pepinieredugarbet.com\/index.php\/wp-json\/wp\/v2\/types\/page"}],"author":[{"embeddable":true,"href":"https:\/\/pepinieredugarbet.com\/index.php\/wp-json\/wp\/v2\/users\/1"}],"replies":[{"embeddable":true,"href":"https:\/\/pepinieredugarbet.com\/index.php\/wp-json\/wp\/v2\/comments?post=223"}],"version-history":[{"count":3,"href":"https:\/\/pepinieredugarbet.com\/index.php\/wp-json\/wp\/v2\/pages\/223\/revisions"}],"predecessor-version":[{"id":230,"href":"https:\/\/pepinieredugarbet.com\/index.php\/wp-json\/wp\/v2\/pages\/223\/revisions\/230"}],"wp:attachment":[{"href":"https:\/\/pepinieredugarbet.com\/index.php\/wp-json\/wp\/v2\/media?parent=223"}],"curies":[{"name":"wp","href":"https:\/\/api.w.org\/{rel}","templated":true}]}}