{"id":132,"date":"2024-11-29T20:41:12","date_gmt":"2024-11-29T19:41:12","guid":{"rendered":"https:\/\/pepinieredugarbet.com\/?page_id=132"},"modified":"2024-11-29T20:44:18","modified_gmt":"2024-11-29T19:44:18","slug":"pommier-api-etoile","status":"publish","type":"page","link":"https:\/\/pepinieredugarbet.com\/index.php\/les-plants-arbres-fruitiers-pommiers-de-la-peiniere-du-garbet-en-ariege\/pommier-api-etoile\/","title":{"rendered":"Pommier Api \u00c9toil\u00e9"},"content":{"rendered":"<div id=\"pl-132\"  class=\"panel-layout\" ><div id=\"pg-132-0\"  class=\"panel-grid panel-no-style\" ><div id=\"pgc-132-0-0\"  class=\"panel-grid-cell\" ><div id=\"panel-132-0-0-0\" class=\"so-panel widget widget_sow-editor panel-first-child panel-last-child\" data-index=\"0\" ><div\n\t\t\t\n\t\t\tclass=\"so-widget-sow-editor so-widget-sow-editor-base\"\n\t\t\t\n\t\t>\n<div class=\"siteorigin-widget-tinymce textwidget\">\n\t<p><span style=\"font-size: 14pt;\">Une tr\u00e8s ancienne vari\u00e9t\u00e9 de pommier. Arrive \u00e0 maturit\u00e9 au mois de novembre et se conserve de janvier \u00e0 mai, sa qualit\u00e9 gustative est bonne, sa chair est blanche, ferme et rafra\u00eechissante au <\/span><span style=\"font-size: 14pt;\">go\u00fbt \u00e9quilibr\u00e9.<br \/>\nC'est une petite pomme en forme d'\u00e9toile,de couleur rose,vert et or, qui est magnifique sur une table de No\u00ebl.<\/span><\/p>\n<p><span style=\"font-size: 14pt;\">Un arbre qui appr\u00e9cie particuli\u00e8rement la proximit\u00e9 de sa vari\u00e9t\u00e9 pollinisatrice \"Reine des Reinettes\".<\/span><\/p>\n<\/div>\n<\/div><\/div><\/div><div id=\"pgc-132-0-1\"  class=\"panel-grid-cell\" ><div id=\"panel-132-0-1-0\" class=\"so-panel widget widget_sow-image panel-first-child\" data-index=\"1\" ><div\n\t\t\t\n\t\t\tclass=\"so-widget-sow-image so-widget-sow-image-default-8b5b6f678277-132\"\n\t\t\t\n\t\t>\n<div class=\"sow-image-container\">\n\t\t<img \n\tsrc=\"https:\/\/pepinieredugarbet.com\/wp-content\/uploads\/2024\/11\/1024px-Api_etoilee.jpg\" width=\"1024\" height=\"1024\" srcset=\"https:\/\/pepinieredugarbet.com\/wp-content\/uploads\/2024\/11\/1024px-Api_etoilee.jpg 1024w, https:\/\/pepinieredugarbet.com\/wp-content\/uploads\/2024\/11\/1024px-Api_etoilee-300x300.jpg 300w, https:\/\/pepinieredugarbet.com\/wp-content\/uploads\/2024\/11\/1024px-Api_etoilee-150x150.jpg 150w, https:\/\/pepinieredugarbet.com\/wp-content\/uploads\/2024\/11\/1024px-Api_etoilee-768x768.jpg 768w, https:\/\/pepinieredugarbet.com\/wp-content\/uploads\/2024\/11\/1024px-Api_etoilee-375x375.jpg 375w\" sizes=\"(max-width: 1024px) 100vw, 1024px\" title=\"1024px-Api_\u00e9toil\u00e9e\" alt=\"Pomme Api \u00e9toil\u00e9e\" \t\tclass=\"so-widget-image\"\/>\n\t<\/div>\n\n<\/div><\/div><div id=\"panel-132-0-1-1\" class=\"so-panel widget widget_sow-editor panel-last-child\" data-index=\"2\" ><div\n\t\t\t\n\t\t\tclass=\"so-widget-sow-editor so-widget-sow-editor-base\"\n\t\t\t\n\t\t>\n<div class=\"siteorigin-widget-tinymce textwidget\">\n\t<p><span style=\"font-size: 10pt;\"><a href=\"https:\/\/commons.wikimedia.org\/wiki\/File:Api_%C3%A9toil%C3%A9e_-_OPL_Peillac_Les_Fouger%C3%AAts.jpg\">Sukkoria<\/a>, <a href=\"https:\/\/creativecommons.org\/licenses\/by-sa\/4.0\">CC BY-SA 4.0<\/a>, via Wikimedia Commons<\/span><\/p>\n<\/div>\n<\/div><\/div><\/div><\/div><div id=\"pg-132-1\"  class=\"panel-grid panel-has-style\" ><div class=\"panel-row-style panel-row-style-for-132-1\" ><div id=\"pgc-132-1-0\"  class=\"panel-grid-cell\" ><div id=\"panel-132-1-0-0\" class=\"so-panel widget widget_sow-editor panel-first-child panel-last-child\" data-index=\"3\" ><div\n\t\t\t\n\t\t\tclass=\"so-widget-sow-editor so-widget-sow-editor-base\"\n\t\t\t\n\t\t>\n<div class=\"siteorigin-widget-tinymce textwidget\">\n\t<ul>\n<li><span style=\"font-size: 14pt;\"><b>P\u00e9riode Plantation<\/b> : D\u00e9but octobre \u00e0 avril<br \/>\n<\/span><\/li>\n<li><span style=\"font-size: 14pt;\"><b>P\u00e9riode Floraison<\/b> : <span class=\"value\">D\u00e9but avril<\/span><br \/>\n<\/span><\/li>\n<li><span style=\"font-size: 14pt;\"><strong>R\u00e9colte<\/strong> : Novembre, d\u00e9cembre<br \/>\n<\/span><\/li>\n<li><span style=\"font-size: 14pt;\"><strong>Port<\/strong> : <span class=\"value\">Pleureur<\/span><br \/>\n<\/span><\/li>\n<\/ul>\n<\/div>\n<\/div><\/div><\/div><div id=\"pgc-132-1-1\"  class=\"panel-grid-cell\" ><div id=\"panel-132-1-1-0\" class=\"so-panel widget widget_sow-editor panel-first-child panel-last-child\" data-index=\"4\" ><div\n\t\t\t\n\t\t\tclass=\"so-widget-sow-editor so-widget-sow-editor-base\"\n\t\t\t\n\t\t>\n<div class=\"siteorigin-widget-tinymce textwidget\">\n\t<ul>\n<li><span style=\"font-size: 14pt;\"><strong>Hauteur<\/strong> : 3 m\u00e8tres<br \/>\n<\/span><\/li>\n<li><span style=\"font-size: 14pt;\"><strong>Type de sol<\/strong> : Tous sols. L\u00e9ger et drain\u00e9.<br \/>\n<\/span><\/li>\n<li><span style=\"font-size: 14pt;\"><strong>Environnement<\/strong> : Ensoleill\u00e9. Rustique<br \/>\n<\/span><\/li>\n<li><strong><span style=\"font-size: 14pt;\">Bonne r\u00e9sistance aux maladies<\/span><\/strong><\/li>\n<\/ul>\n<\/div>\n<\/div><\/div><\/div><\/div><\/div><div id=\"pg-132-2\"  class=\"panel-grid panel-no-style\" ><div id=\"pgc-132-2-0\"  class=\"panel-grid-cell\" ><div id=\"panel-132-2-0-0\" class=\"so-panel widget widget_sow-button panel-first-child panel-last-child\" data-index=\"5\" ><div\n\t\t\t\n\t\t\tclass=\"so-widget-sow-button so-widget-sow-button-flat-0dd4bd65cb50-132\"\n\t\t\t\n\t\t><div class=\"ow-button-base ow-button-align-center\"\n>\n\t\t\t<a\n\t\t\t\t\thref=\"http:\/\/pepinieredugarbet.com\/wp-content\/uploads\/2024\/11\/Pommier-api-etoile.pdf\"\n\t\t\t\t\tclass=\"sowb-button ow-icon-placement-left\" target=\"_blank\" rel=\"noopener noreferrer\" \t>\n\t\t<span>\n\t\t\t\n\t\t\tTELECHARGER LA FICHE\t\t<\/span>\n\t\t\t<\/a>\n\t<\/div>\n<\/div><\/div><\/div><\/div><\/div>","protected":false},"excerpt":{"rendered":"<p>Une tr\u00e8s ancienne vari\u00e9t\u00e9 de pommier. Arrive \u00e0 maturit\u00e9 au mois de novembre et se conserve de janvier \u00e0 mai, sa qualit\u00e9 gustative est bonne, sa chair est blanche, ferme et rafra\u00eechissante au go\u00fbt \u00e9quilibr\u00e9. C&#8217;est une petite pomme en forme d&#8217;\u00e9toile,de couleur rose,vert et or, qui est magnifique sur une table de No\u00ebl. UnContinue reading &rarr;<\/p>\n","protected":false},"author":1,"featured_media":0,"parent":24,"menu_order":0,"comment_status":"closed","ping_status":"closed","template":"","meta":{"footnotes":""},"class_list":["post-132","page","type-page","status-publish","hentry","no-thumb"],"yoast_head":"<!-- This site is optimized with the Yoast SEO plugin v26.5 - https:\/\/yoast.com\/wordpress\/plugins\/seo\/ -->\n<title>Pommier Api \u00c9toil\u00e9 - La p\u00e9pini\u00e8re du Garbet<\/title>\n<meta name=\"description\" content=\"D\u00e9couvrez les qualit\u00e9s et les caract\u00e9ristiques du pommier Api \u00e9toil\u00e9, propos\u00e9 en plants par la p\u00e9pini\u00e8re du Garbet en Ari\u00e8ge\" \/>\n<meta name=\"robots\" content=\"index, follow, max-snippet:-1, max-image-preview:large, max-video-preview:-1\" \/>\n<link rel=\"canonical\" href=\"https:\/\/pepinieredugarbet.com\/index.php\/les-plants-arbres-fruitiers-pommiers-de-la-peiniere-du-garbet-en-ariege\/pommier-api-etoile\/\" \/>\n<meta property=\"og:locale\" content=\"en_US\" \/>\n<meta property=\"og:type\" content=\"article\" \/>\n<meta property=\"og:title\" content=\"Pommier Api \u00c9toil\u00e9 - La p\u00e9pini\u00e8re du Garbet\" \/>\n<meta property=\"og:description\" content=\"D\u00e9couvrez les qualit\u00e9s et les caract\u00e9ristiques du pommier Api \u00e9toil\u00e9, propos\u00e9 en plants par la p\u00e9pini\u00e8re du Garbet en Ari\u00e8ge\" \/>\n<meta property=\"og:url\" content=\"https:\/\/pepinieredugarbet.com\/index.php\/les-plants-arbres-fruitiers-pommiers-de-la-peiniere-du-garbet-en-ariege\/pommier-api-etoile\/\" \/>\n<meta property=\"og:site_name\" content=\"La p\u00e9pini\u00e8re du Garbet\" \/>\n<meta property=\"article:modified_time\" content=\"2024-11-29T19:44:18+00:00\" \/>\n<meta name=\"twitter:card\" content=\"summary_large_image\" \/>\n<meta name=\"twitter:label1\" content=\"Est. reading time\" \/>\n\t<meta name=\"twitter:data1\" content=\"1 minute\" \/>\n<script type=\"application\/ld+json\" class=\"yoast-schema-graph\">{\"@context\":\"https:\/\/schema.org\",\"@graph\":[{\"@type\":\"WebPage\",\"@id\":\"https:\/\/pepinieredugarbet.com\/index.php\/les-plants-arbres-fruitiers-pommiers-de-la-peiniere-du-garbet-en-ariege\/pommier-api-etoile\/\",\"url\":\"https:\/\/pepinieredugarbet.com\/index.php\/les-plants-arbres-fruitiers-pommiers-de-la-peiniere-du-garbet-en-ariege\/pommier-api-etoile\/\",\"name\":\"Pommier Api \u00c9toil\u00e9 - La p\u00e9pini\u00e8re du Garbet\",\"isPartOf\":{\"@id\":\"https:\/\/pepinieredugarbet.com\/#website\"},\"datePublished\":\"2024-11-29T19:41:12+00:00\",\"dateModified\":\"2024-11-29T19:44:18+00:00\",\"description\":\"D\u00e9couvrez les qualit\u00e9s et les caract\u00e9ristiques du pommier Api \u00e9toil\u00e9, propos\u00e9 en plants par la p\u00e9pini\u00e8re du Garbet en Ari\u00e8ge\",\"breadcrumb\":{\"@id\":\"https:\/\/pepinieredugarbet.com\/index.php\/les-plants-arbres-fruitiers-pommiers-de-la-peiniere-du-garbet-en-ariege\/pommier-api-etoile\/#breadcrumb\"},\"inLanguage\":\"en-US\",\"potentialAction\":[{\"@type\":\"ReadAction\",\"target\":[\"https:\/\/pepinieredugarbet.com\/index.php\/les-plants-arbres-fruitiers-pommiers-de-la-peiniere-du-garbet-en-ariege\/pommier-api-etoile\/\"]}]},{\"@type\":\"BreadcrumbList\",\"@id\":\"https:\/\/pepinieredugarbet.com\/index.php\/les-plants-arbres-fruitiers-pommiers-de-la-peiniere-du-garbet-en-ariege\/pommier-api-etoile\/#breadcrumb\",\"itemListElement\":[{\"@type\":\"ListItem\",\"position\":1,\"name\":\"Accueil\",\"item\":\"https:\/\/pepinieredugarbet.com\/\"},{\"@type\":\"ListItem\",\"position\":2,\"name\":\"Nos plants d&rsquo;arbres fruitiers\",\"item\":\"https:\/\/pepinieredugarbet.com\/index.php\/les-plants-arbres-fruitiers-pommiers-de-la-peiniere-du-garbet-en-ariege\/\"},{\"@type\":\"ListItem\",\"position\":3,\"name\":\"Pommier Api \u00c9toil\u00e9\"}]},{\"@type\":\"WebSite\",\"@id\":\"https:\/\/pepinieredugarbet.com\/#website\",\"url\":\"https:\/\/pepinieredugarbet.com\/\",\"name\":\"La p\u00e9pini\u00e8re du Garbet\",\"description\":\"Production de plants d&#039;arbres fruitiers en Ari\u00e8ge\",\"publisher\":{\"@id\":\"https:\/\/pepinieredugarbet.com\/#organization\"},\"potentialAction\":[{\"@type\":\"SearchAction\",\"target\":{\"@type\":\"EntryPoint\",\"urlTemplate\":\"https:\/\/pepinieredugarbet.com\/?s={search_term_string}\"},\"query-input\":{\"@type\":\"PropertyValueSpecification\",\"valueRequired\":true,\"valueName\":\"search_term_string\"}}],\"inLanguage\":\"en-US\"},{\"@type\":\"Organization\",\"@id\":\"https:\/\/pepinieredugarbet.com\/#organization\",\"name\":\"La p\u00e9pini\u00e8re du Garbet\",\"url\":\"https:\/\/pepinieredugarbet.com\/\",\"logo\":{\"@type\":\"ImageObject\",\"inLanguage\":\"en-US\",\"@id\":\"https:\/\/pepinieredugarbet.com\/#\/schema\/logo\/image\/\",\"url\":\"https:\/\/pepinieredugarbet.com\/wp-content\/uploads\/2024\/11\/logo-pepiniere-du-garbet.jpg\",\"contentUrl\":\"https:\/\/pepinieredugarbet.com\/wp-content\/uploads\/2024\/11\/logo-pepiniere-du-garbet.jpg\",\"width\":313,\"height\":170,\"caption\":\"La p\u00e9pini\u00e8re du Garbet\"},\"image\":{\"@id\":\"https:\/\/pepinieredugarbet.com\/#\/schema\/logo\/image\/\"}}]}<\/script>\n<!-- \/ Yoast SEO plugin. -->","yoast_head_json":{"title":"Pommier Api \u00c9toil\u00e9 - La p\u00e9pini\u00e8re du Garbet","description":"D\u00e9couvrez les qualit\u00e9s et les caract\u00e9ristiques du pommier Api \u00e9toil\u00e9, propos\u00e9 en plants par la p\u00e9pini\u00e8re du Garbet en Ari\u00e8ge","robots":{"index":"index","follow":"follow","max-snippet":"max-snippet:-1","max-image-preview":"max-image-preview:large","max-video-preview":"max-video-preview:-1"},"canonical":"https:\/\/pepinieredugarbet.com\/index.php\/les-plants-arbres-fruitiers-pommiers-de-la-peiniere-du-garbet-en-ariege\/pommier-api-etoile\/","og_locale":"en_US","og_type":"article","og_title":"Pommier Api \u00c9toil\u00e9 - La p\u00e9pini\u00e8re du Garbet","og_description":"D\u00e9couvrez les qualit\u00e9s et les caract\u00e9ristiques du pommier Api \u00e9toil\u00e9, propos\u00e9 en plants par la p\u00e9pini\u00e8re du Garbet en Ari\u00e8ge","og_url":"https:\/\/pepinieredugarbet.com\/index.php\/les-plants-arbres-fruitiers-pommiers-de-la-peiniere-du-garbet-en-ariege\/pommier-api-etoile\/","og_site_name":"La p\u00e9pini\u00e8re du Garbet","article_modified_time":"2024-11-29T19:44:18+00:00","twitter_card":"summary_large_image","twitter_misc":{"Est. reading time":"1 minute"},"schema":{"@context":"https:\/\/schema.org","@graph":[{"@type":"WebPage","@id":"https:\/\/pepinieredugarbet.com\/index.php\/les-plants-arbres-fruitiers-pommiers-de-la-peiniere-du-garbet-en-ariege\/pommier-api-etoile\/","url":"https:\/\/pepinieredugarbet.com\/index.php\/les-plants-arbres-fruitiers-pommiers-de-la-peiniere-du-garbet-en-ariege\/pommier-api-etoile\/","name":"Pommier Api \u00c9toil\u00e9 - La p\u00e9pini\u00e8re du Garbet","isPartOf":{"@id":"https:\/\/pepinieredugarbet.com\/#website"},"datePublished":"2024-11-29T19:41:12+00:00","dateModified":"2024-11-29T19:44:18+00:00","description":"D\u00e9couvrez les qualit\u00e9s et les caract\u00e9ristiques du pommier Api \u00e9toil\u00e9, propos\u00e9 en plants par la p\u00e9pini\u00e8re du Garbet en Ari\u00e8ge","breadcrumb":{"@id":"https:\/\/pepinieredugarbet.com\/index.php\/les-plants-arbres-fruitiers-pommiers-de-la-peiniere-du-garbet-en-ariege\/pommier-api-etoile\/#breadcrumb"},"inLanguage":"en-US","potentialAction":[{"@type":"ReadAction","target":["https:\/\/pepinieredugarbet.com\/index.php\/les-plants-arbres-fruitiers-pommiers-de-la-peiniere-du-garbet-en-ariege\/pommier-api-etoile\/"]}]},{"@type":"BreadcrumbList","@id":"https:\/\/pepinieredugarbet.com\/index.php\/les-plants-arbres-fruitiers-pommiers-de-la-peiniere-du-garbet-en-ariege\/pommier-api-etoile\/#breadcrumb","itemListElement":[{"@type":"ListItem","position":1,"name":"Accueil","item":"https:\/\/pepinieredugarbet.com\/"},{"@type":"ListItem","position":2,"name":"Nos plants d&rsquo;arbres fruitiers","item":"https:\/\/pepinieredugarbet.com\/index.php\/les-plants-arbres-fruitiers-pommiers-de-la-peiniere-du-garbet-en-ariege\/"},{"@type":"ListItem","position":3,"name":"Pommier Api \u00c9toil\u00e9"}]},{"@type":"WebSite","@id":"https:\/\/pepinieredugarbet.com\/#website","url":"https:\/\/pepinieredugarbet.com\/","name":"La p\u00e9pini\u00e8re du Garbet","description":"Production de plants d&#039;arbres fruitiers en Ari\u00e8ge","publisher":{"@id":"https:\/\/pepinieredugarbet.com\/#organization"},"potentialAction":[{"@type":"SearchAction","target":{"@type":"EntryPoint","urlTemplate":"https:\/\/pepinieredugarbet.com\/?s={search_term_string}"},"query-input":{"@type":"PropertyValueSpecification","valueRequired":true,"valueName":"search_term_string"}}],"inLanguage":"en-US"},{"@type":"Organization","@id":"https:\/\/pepinieredugarbet.com\/#organization","name":"La p\u00e9pini\u00e8re du Garbet","url":"https:\/\/pepinieredugarbet.com\/","logo":{"@type":"ImageObject","inLanguage":"en-US","@id":"https:\/\/pepinieredugarbet.com\/#\/schema\/logo\/image\/","url":"https:\/\/pepinieredugarbet.com\/wp-content\/uploads\/2024\/11\/logo-pepiniere-du-garbet.jpg","contentUrl":"https:\/\/pepinieredugarbet.com\/wp-content\/uploads\/2024\/11\/logo-pepiniere-du-garbet.jpg","width":313,"height":170,"caption":"La p\u00e9pini\u00e8re du Garbet"},"image":{"@id":"https:\/\/pepinieredugarbet.com\/#\/schema\/logo\/image\/"}}]}},"_links":{"self":[{"href":"https:\/\/pepinieredugarbet.com\/index.php\/wp-json\/wp\/v2\/pages\/132","targetHints":{"allow":["GET"]}}],"collection":[{"href":"https:\/\/pepinieredugarbet.com\/index.php\/wp-json\/wp\/v2\/pages"}],"about":[{"href":"https:\/\/pepinieredugarbet.com\/index.php\/wp-json\/wp\/v2\/types\/page"}],"author":[{"embeddable":true,"href":"https:\/\/pepinieredugarbet.com\/index.php\/wp-json\/wp\/v2\/users\/1"}],"replies":[{"embeddable":true,"href":"https:\/\/pepinieredugarbet.com\/index.php\/wp-json\/wp\/v2\/comments?post=132"}],"version-history":[{"count":2,"href":"https:\/\/pepinieredugarbet.com\/index.php\/wp-json\/wp\/v2\/pages\/132\/revisions"}],"predecessor-version":[{"id":136,"href":"https:\/\/pepinieredugarbet.com\/index.php\/wp-json\/wp\/v2\/pages\/132\/revisions\/136"}],"up":[{"embeddable":true,"href":"https:\/\/pepinieredugarbet.com\/index.php\/wp-json\/wp\/v2\/pages\/24"}],"wp:attachment":[{"href":"https:\/\/pepinieredugarbet.com\/index.php\/wp-json\/wp\/v2\/media?parent=132"}],"curies":[{"name":"wp","href":"https:\/\/api.w.org\/{rel}","templated":true}]}}