{"id":11,"date":"2024-11-15T20:27:29","date_gmt":"2024-11-15T19:27:29","guid":{"rendered":"https:\/\/pepinieredugarbet.com\/?page_id=11"},"modified":"2026-03-04T14:24:39","modified_gmt":"2026-03-04T13:24:39","slug":"la-pepiniere-du-garbet-arbres-fruitiers-ariege-couserans-erce","status":"publish","type":"page","link":"https:\/\/pepinieredugarbet.com\/","title":{"rendered":"La p\u00e9pini\u00e8re"},"content":{"rendered":"<div id=\"pl-11\"  class=\"panel-layout\" ><div id=\"pg-11-0\"  class=\"panel-grid panel-no-style\" ><div id=\"pgc-11-0-0\"  class=\"panel-grid-cell\" ><div id=\"panel-11-0-0-0\" class=\"so-panel widget widget_sow-editor panel-first-child\" data-index=\"0\" ><div\n\t\t\t\n\t\t\tclass=\"so-widget-sow-editor so-widget-sow-editor-base\"\n\t\t\t\n\t\t>\n<div class=\"siteorigin-widget-tinymce textwidget\">\n\t<p><span style=\"font-size: 14pt;\">La P\u00e9pini\u00e8re du Garbet situ\u00e9e en Ari\u00e8ge, dans le Couserans au c\u0153ur de la commune d'Erc\u00e9, propose une s\u00e9lection de <a href=\"https:\/\/pepinieredugarbet.com\/index.php\/les-plants-arbres-fruitiers-pommiers-de-la-peiniere-du-garbet-en-ariege\/\">plants d'arbres fruitiers bio<\/a> de vari\u00e9t\u00e9s locales ou nationales, aux qualit\u00e9s parfaitement adapt\u00e9es au terroir des Pyr\u00e9n\u00e9es.<\/span><\/p>\n<\/div>\n<\/div><\/div><div id=\"panel-11-0-0-1\" class=\"so-panel widget widget_sow-image panel-last-child\" data-index=\"1\" ><div\n\t\t\t\n\t\t\tclass=\"so-widget-sow-image so-widget-sow-image-default-8b5b6f678277-11\"\n\t\t\t\n\t\t>\n<div class=\"sow-image-container\">\n\t\t<img \n\tsrc=\"https:\/\/pepinieredugarbet.com\/wp-content\/uploads\/2024\/11\/arbre-fruitier-pommier.jpg\" width=\"800\" height=\"583\" srcset=\"https:\/\/pepinieredugarbet.com\/wp-content\/uploads\/2024\/11\/arbre-fruitier-pommier.jpg 800w, https:\/\/pepinieredugarbet.com\/wp-content\/uploads\/2024\/11\/arbre-fruitier-pommier-300x219.jpg 300w, https:\/\/pepinieredugarbet.com\/wp-content\/uploads\/2024\/11\/arbre-fruitier-pommier-768x560.jpg 768w\" sizes=\"(max-width: 800px) 100vw, 800px\" alt=\"\" \t\tclass=\"so-widget-image\"\/>\n\t<\/div>\n\n<\/div><\/div><\/div><div id=\"pgc-11-0-1\"  class=\"panel-grid-cell\" ><div id=\"panel-11-0-1-0\" class=\"so-panel widget widget_sow-image panel-first-child panel-last-child\" data-index=\"2\" ><div\n\t\t\t\n\t\t\tclass=\"so-widget-sow-image so-widget-sow-image-default-8b5b6f678277-11\"\n\t\t\t\n\t\t>\n<div class=\"sow-image-container\">\n\t\t<img \n\tsrc=\"https:\/\/pepinieredugarbet.com\/wp-content\/uploads\/2024\/11\/arbres-pepinire-garbet-cousernas-pyrenees-2.jpg\" width=\"1200\" height=\"900\" srcset=\"https:\/\/pepinieredugarbet.com\/wp-content\/uploads\/2024\/11\/arbres-pepinire-garbet-cousernas-pyrenees-2.jpg 1200w, https:\/\/pepinieredugarbet.com\/wp-content\/uploads\/2024\/11\/arbres-pepinire-garbet-cousernas-pyrenees-2-300x225.jpg 300w, https:\/\/pepinieredugarbet.com\/wp-content\/uploads\/2024\/11\/arbres-pepinire-garbet-cousernas-pyrenees-2-1024x768.jpg 1024w, https:\/\/pepinieredugarbet.com\/wp-content\/uploads\/2024\/11\/arbres-pepinire-garbet-cousernas-pyrenees-2-768x576.jpg 768w\" sizes=\"(max-width: 1200px) 100vw, 1200px\" alt=\"\" \t\tclass=\"so-widget-image\"\/>\n\t<\/div>\n\n<\/div><\/div><\/div><\/div><div id=\"pg-11-1\"  class=\"panel-grid panel-no-style\" ><div id=\"pgc-11-1-0\"  class=\"panel-grid-cell\" ><div id=\"panel-11-1-0-0\" class=\"so-panel widget widget_sow-button panel-first-child panel-last-child\" data-index=\"3\" ><div\n\t\t\t\n\t\t\tclass=\"so-widget-sow-button so-widget-sow-button-flat-1992e01a9216-11\"\n\t\t\t\n\t\t><div class=\"ow-button-base ow-button-align-center\"\n>\n\t\t\t<a\n\t\t\t\t\thref=\"https:\/\/pepinieredugarbet.com\/index.php\/les-plants-arbres-fruitiers-pommiers-de-la-peiniere-du-garbet-en-ariege\/\"\n\t\t\t\t\tclass=\"sowb-button ow-icon-placement-left ow-button-hover\" \t>\n\t\t<span>\n\t\t\t\n\t\t\tNOTRE CATALOGUE\t\t<\/span>\n\t\t\t<\/a>\n\t<\/div>\n<\/div><\/div><\/div><\/div><div id=\"pg-11-2\"  class=\"panel-grid panel-no-style\" ><div id=\"pgc-11-2-0\"  class=\"panel-grid-cell\" ><div id=\"panel-11-2-0-0\" class=\"so-panel widget widget_sow-editor panel-first-child\" data-index=\"4\" ><div\n\t\t\t\n\t\t\tclass=\"so-widget-sow-editor so-widget-sow-editor-base\"\n\t\t\t\n\t\t>\n<div class=\"siteorigin-widget-tinymce textwidget\">\n\t<hr style=\"width: 70%;\" \/>\n<p>&nbsp;<\/p>\n<h2><span dir=\"auto\" style=\"vertical-align: inherit;\"><span dir=\"auto\" style=\"vertical-align: inherit;\"><span dir=\"auto\" style=\"vertical-align: inherit;\"><span dir=\"auto\" style=\"vertical-align: inherit;\">Cl\u00e9ment interview\u00e9 dans le podcast Dans les Pyr\u00e9n\u00e9es On Invente Demain (<a href=\"https:\/\/www.dpoid.fr\">www.dpoid.fr<\/a>)<\/span><\/span><\/span><\/span><\/h2>\n<\/div>\n<\/div><\/div><div id=\"panel-11-2-0-1\" class=\"widget_text so-panel widget widget_custom_html panel-last-child\" data-index=\"5\" ><div class=\"textwidget custom-html-widget\"><iframe name=\"Ausha Podcast Player\" frameborder=\"0\" loading=\"lazy\" id=\"ausha-bykt\" height=\"220\" style=\"border: none; width:100%; height:220px\" src=\"https:\/\/player.ausha.co\/?showId=BGqE6HjDapK2&color=%23751CBF&multishow=false&playlist=false&dark=false&t=0&podcastId=llWV5c0QpeeJ&v=3&playerId=ausha-bykt\"><\/iframe><script src=\"https:\/\/player.ausha.co\/ausha-player.js\"><\/script><\/div><\/div><\/div><\/div><div id=\"pg-11-3\"  class=\"panel-grid panel-no-style\" ><div id=\"pgc-11-3-0\"  class=\"panel-grid-cell\" ><div id=\"panel-11-3-0-0\" class=\"so-panel widget widget_sow-editor panel-first-child\" data-index=\"6\" ><div\n\t\t\t\n\t\t\tclass=\"so-widget-sow-editor so-widget-sow-editor-base\"\n\t\t\t\n\t\t>\n<div class=\"siteorigin-widget-tinymce textwidget\">\n\t<hr style=\"width: 70%;\" \/>\n<p>&nbsp;<\/p>\n<p><span style=\"font-size: 18pt;\"><span dir=\"auto\" style=\"vertical-align: inherit;\"><span dir=\"auto\" style=\"vertical-align: inherit;\">Retrouvez nous sur les march\u00e9s de Saint-Girons le samedi matin,<\/span><\/span><\/span><\/p>\n<p><span style=\"font-size: 18pt;\"><span dir=\"auto\" style=\"vertical-align: inherit;\"><span dir=\"auto\" style=\"vertical-align: inherit;\">Le march\u00e9 de Soueix le mercredi de 15h30 \u00e0 19h00.<\/span><\/span><\/span><\/p>\n<p><span style=\"font-size: 18pt;\"><span dir=\"auto\" style=\"vertical-align: inherit;\"><span dir=\"auto\" style=\"vertical-align: inherit;\">Et aux Jardins de FabetSue, \u00e0 Oust<\/span><\/span><\/span><br \/>\n<span style=\"font-size: 14pt;\">\u00a0<\/span><\/p>\n<\/div>\n<\/div><\/div><div id=\"panel-11-3-0-1\" class=\"so-panel widget widget_sow-image panel-last-child\" data-index=\"7\" ><div\n\t\t\t\n\t\t\tclass=\"so-widget-sow-image so-widget-sow-image-default-8b5b6f678277-11\"\n\t\t\t\n\t\t>\n<div class=\"sow-image-container\">\n\t\t<img \n\tsrc=\"https:\/\/pepinieredugarbet.com\/wp-content\/uploads\/2024\/11\/vue-pepiniere-garbet-cousernas-pyrenees.jpg\" width=\"1400\" height=\"802\" srcset=\"https:\/\/pepinieredugarbet.com\/wp-content\/uploads\/2024\/11\/vue-pepiniere-garbet-cousernas-pyrenees.jpg 1400w, https:\/\/pepinieredugarbet.com\/wp-content\/uploads\/2024\/11\/vue-pepiniere-garbet-cousernas-pyrenees-300x172.jpg 300w, https:\/\/pepinieredugarbet.com\/wp-content\/uploads\/2024\/11\/vue-pepiniere-garbet-cousernas-pyrenees-1024x587.jpg 1024w, https:\/\/pepinieredugarbet.com\/wp-content\/uploads\/2024\/11\/vue-pepiniere-garbet-cousernas-pyrenees-768x440.jpg 768w\" sizes=\"(max-width: 1400px) 100vw, 1400px\" alt=\"Vue de la p\u00e9pini\u00e8re\" \t\tclass=\"so-widget-image\"\/>\n\t<\/div>\n\n<\/div><\/div><\/div><\/div><div id=\"pg-11-4\"  class=\"panel-grid panel-has-style\" ><div class=\"siteorigin-panels-stretch panel-row-style panel-row-style-for-11-4\" data-stretch-type=\"full\" ><div id=\"pgc-11-4-0\"  class=\"panel-grid-cell\" ><div id=\"panel-11-4-0-0\" class=\"so-panel widget widget_sow-editor panel-first-child\" data-index=\"8\" ><div\n\t\t\t\n\t\t\tclass=\"so-widget-sow-editor so-widget-sow-editor-base\"\n\t\t\t\n\t\t>\n<div class=\"siteorigin-widget-tinymce textwidget\">\n\t<h2>FOCUS SUR LA POMME AKANE<\/h2>\n<p><span style=\"font-size: 14pt;\">Une vari\u00e9t\u00e9 de taille petite et moyenne, \u00e0 la peau rouge et \u00e0 la chaire blanche, fine, croquante et juteuse.<\/span><br \/>\n<span style=\"font-size: 14pt;\">La pomme Akane est une excellente pomme de table.<\/span><br \/>\n<span style=\"font-size: 14pt;\">La r\u00e9colte pr\u00e9coce a lieu de mi-aout \u00e0 septembre. Le fruit se conserve environ 1 \u00e0 2 mois.<\/span><br \/>\n<span style=\"font-size: 14pt;\">Un arbre qui appr\u00e9cie le soleil, mais qui n'a pas besoin de beaucoup de chaleur, les sols argileux et bien drain\u00e9.<\/span><br \/>\n<span style=\"font-size: 14pt;\">Sa r\u00e9sistance aux parasites du pommier en fait une vari\u00e9t\u00e9 adapt\u00e9e \u00e0 la production en agriculture biologique.<\/span><\/p>\n<\/div>\n<\/div><\/div><div id=\"panel-11-4-0-1\" class=\"so-panel widget widget_sow-button panel-last-child\" data-index=\"9\" ><div\n\t\t\t\n\t\t\tclass=\"so-widget-sow-button so-widget-sow-button-flat-1992e01a9216-11\"\n\t\t\t\n\t\t><div class=\"ow-button-base ow-button-align-center\"\n>\n\t\t\t<a\n\t\t\t\t\thref=\"https:\/\/pepinieredugarbet.com\/index.php\/les-plants-arbres-fruitiers-pommiers-de-la-peiniere-du-garbet-en-ariege\/plant-pommier-akane\/\"\n\t\t\t\t\tclass=\"sowb-button ow-icon-placement-left ow-button-hover\" \t>\n\t\t<span>\n\t\t\t\n\t\t\tDECOUVRIR\t\t<\/span>\n\t\t\t<\/a>\n\t<\/div>\n<\/div><\/div><\/div><div id=\"pgc-11-4-1\"  class=\"panel-grid-cell\" ><div id=\"panel-11-4-1-0\" class=\"widget_text so-panel widget widget_custom_html panel-first-child panel-last-child\" data-index=\"10\" ><div class=\"textwidget custom-html-widget\"><a target=\"_blank\" title=\"Daniel Villafruela, CC BY-SA 3.0 &lt;https:\/\/creativecommons.org\/licenses\/by-sa\/3.0&gt;, via Wikimedia Commons\" href=\"https:\/\/commons.wikimedia.org\/wiki\/File:Akane-Pomme-20141026.jpg\" ><img decoding=\"async\" width=\"512\" alt=\"Akane-Pomme-20141026\" src=\"https:\/\/upload.wikimedia.org\/wikipedia\/commons\/thumb\/d\/db\/Akane-Pomme-20141026.jpg\/512px-Akane-Pomme-20141026.jpg?20141029094216\"><\/a><\/div><\/div><\/div><\/div><\/div><div id=\"pg-11-5\"  class=\"panel-grid panel-no-style\" ><div id=\"pgc-11-5-0\"  class=\"panel-grid-cell\" ><div id=\"panel-11-5-0-0\" class=\"widget_text so-panel widget widget_custom_html panel-first-child\" data-index=\"11\" ><div class=\"textwidget custom-html-widget\"><iframe src=\"https:\/\/www.google.com\/maps\/embed?pb=!1m18!1m12!1m3!1d22518.883946173944!2d1.2683284399442285!3d42.84493648905671!2m3!1f0!2f0!3f0!3m2!1i1024!2i768!4f13.1!3m3!1m2!1s0x12af4b8f9148427f%3A0x23b86320e0e8ffe3!2zUMOpcGluacOocmUgZHUgR2FyYmV0!5e1!3m2!1sfr!2sfr!4v1737233141661!5m2!1sfr!2sfr\" width=\"1400\" height=\"500\" style=\"border:0;\" allowfullscreen=\"\" loading=\"lazy\" referrerpolicy=\"no-referrer-when-downgrade\"><\/iframe><\/div><\/div><div id=\"panel-11-5-0-1\" class=\"widget_text so-panel widget widget_custom_html panel-last-child\" data-index=\"12\" ><div class=\"textwidget custom-html-widget\"><div id=\"garbet-popup\" aria-hidden=\"true\">\n  <div class=\"gp-overlay\" data-gp-close><\/div>\n  <div class=\"gp-box\" role=\"dialog\" aria-modal=\"true\">\n    <button class=\"gp-close\" type=\"button\" aria-label=\"Fermer\" data-gp-close>\u00d7<\/button>\n    <p><strong>Nouveau !<\/strong> Participez \u00e0 nos stages d\u2019initiation au greffage des arbres fruitiers !<\/p>\n    <p><a class=\"gp-btn\" href=\"https:\/\/pepinieredugarbet.com\/index.php\/nos-stages\/\">Voir nos stages<\/a><\/p>\n  <\/div>\n<\/div>\n\n<script>\n(function(){\n  var popup = document.getElementById('garbet-popup');\n  if(!popup) return;\n\n  \/\/ Ne pas afficher sur la page Nos stages\n  if (window.location.href.indexOf('\/nos-stages\/') !== -1) return;\n\n  \/\/ N'afficher qu'une fois tous les 7 jours\n  var KEY='garbet_popup_seen';\n  var now=Date.now();\n  var seen=parseInt(localStorage.getItem(KEY) || '0', 10);\n  var ttl=7*24*60*60*1000;\n\n  function openPopup(){\n    popup.classList.add('is-open');\n    popup.setAttribute('aria-hidden','false');\n  }\n  function closePopup(){\n    popup.classList.remove('is-open');\n    popup.setAttribute('aria-hidden','true');\n    localStorage.setItem(KEY, String(Date.now()));\n  }\n\n  if(seen && (now-seen)<ttl) return;\n\n  setTimeout(openPopup, 2500);\n\n  popup.addEventListener('click', function(e){\n    if(e.target && e.target.hasAttribute('data-gp-close')) closePopup();\n  });\n  document.addEventListener('keydown', function(e){\n    if(e.key==='Escape' && popup.classList.contains('is-open')) closePopup();\n  });\n})();\n<\/script><\/div><\/div><\/div><\/div><\/div>","protected":false},"excerpt":{"rendered":"<p>La P\u00e9pini\u00e8re du Garbet situ\u00e9e en Ari\u00e8ge, dans le Couserans au c\u0153ur de la commune d&#8217;Erc\u00e9, propose une s\u00e9lection de plants d&#8217;arbres fruitiers bio de vari\u00e9t\u00e9s locales ou nationales, aux qualit\u00e9s parfaitement adapt\u00e9es au terroir des Pyr\u00e9n\u00e9es.<\/p>\n","protected":false},"author":1,"featured_media":0,"parent":0,"menu_order":0,"comment_status":"closed","ping_status":"closed","template":"","meta":{"footnotes":""},"class_list":["post-11","page","type-page","status-publish","hentry","no-thumb"],"yoast_head":"<!-- This site is optimized with the Yoast SEO plugin v26.5 - https:\/\/yoast.com\/wordpress\/plugins\/seo\/ -->\n<title>La p\u00e9pini\u00e8re - La p\u00e9pini\u00e8re du Garbet<\/title>\n<meta name=\"description\" content=\"La p\u00e9pini\u00e8re du Garbet situ\u00e9e en Ari\u00e8ge, au c\u0153ur de la commune d&#039;Erc\u00e9, propose une gamme d&#039;arbres fruitiers de vari\u00e9t\u00e9s locales et nationales\" \/>\n<meta name=\"robots\" content=\"index, follow, max-snippet:-1, max-image-preview:large, max-video-preview:-1\" \/>\n<link rel=\"canonical\" href=\"https:\/\/pepinieredugarbet.com\/\" \/>\n<meta property=\"og:locale\" content=\"en_US\" \/>\n<meta property=\"og:type\" content=\"article\" \/>\n<meta property=\"og:title\" content=\"La p\u00e9pini\u00e8re - La p\u00e9pini\u00e8re du Garbet\" \/>\n<meta property=\"og:description\" content=\"La p\u00e9pini\u00e8re du Garbet situ\u00e9e en Ari\u00e8ge, au c\u0153ur de la commune d&#039;Erc\u00e9, propose une gamme d&#039;arbres fruitiers de vari\u00e9t\u00e9s locales et nationales\" \/>\n<meta property=\"og:url\" content=\"https:\/\/pepinieredugarbet.com\/\" \/>\n<meta property=\"og:site_name\" content=\"La p\u00e9pini\u00e8re du Garbet\" \/>\n<meta property=\"article:modified_time\" content=\"2026-03-04T13:24:39+00:00\" \/>\n<meta name=\"twitter:card\" content=\"summary_large_image\" \/>\n<meta name=\"twitter:label1\" content=\"Est. reading time\" \/>\n\t<meta name=\"twitter:data1\" content=\"2 minutes\" \/>\n<script type=\"application\/ld+json\" class=\"yoast-schema-graph\">{\"@context\":\"https:\/\/schema.org\",\"@graph\":[{\"@type\":\"WebPage\",\"@id\":\"https:\/\/pepinieredugarbet.com\/\",\"url\":\"https:\/\/pepinieredugarbet.com\/\",\"name\":\"La p\u00e9pini\u00e8re - La p\u00e9pini\u00e8re du Garbet\",\"isPartOf\":{\"@id\":\"https:\/\/pepinieredugarbet.com\/#website\"},\"datePublished\":\"2024-11-15T19:27:29+00:00\",\"dateModified\":\"2026-03-04T13:24:39+00:00\",\"description\":\"La p\u00e9pini\u00e8re du Garbet situ\u00e9e en Ari\u00e8ge, au c\u0153ur de la commune d'Erc\u00e9, propose une gamme d'arbres fruitiers de vari\u00e9t\u00e9s locales et nationales\",\"breadcrumb\":{\"@id\":\"https:\/\/pepinieredugarbet.com\/#breadcrumb\"},\"inLanguage\":\"en-US\",\"potentialAction\":[{\"@type\":\"ReadAction\",\"target\":[\"https:\/\/pepinieredugarbet.com\/\"]}]},{\"@type\":\"BreadcrumbList\",\"@id\":\"https:\/\/pepinieredugarbet.com\/#breadcrumb\",\"itemListElement\":[{\"@type\":\"ListItem\",\"position\":1,\"name\":\"Accueil\",\"item\":\"https:\/\/pepinieredugarbet.com\/\"},{\"@type\":\"ListItem\",\"position\":2,\"name\":\"La p\u00e9pini\u00e8re\"}]},{\"@type\":\"WebSite\",\"@id\":\"https:\/\/pepinieredugarbet.com\/#website\",\"url\":\"https:\/\/pepinieredugarbet.com\/\",\"name\":\"La p\u00e9pini\u00e8re du Garbet\",\"description\":\"Production de plants d&#039;arbres fruitiers en Ari\u00e8ge\",\"publisher\":{\"@id\":\"https:\/\/pepinieredugarbet.com\/#organization\"},\"potentialAction\":[{\"@type\":\"SearchAction\",\"target\":{\"@type\":\"EntryPoint\",\"urlTemplate\":\"https:\/\/pepinieredugarbet.com\/?s={search_term_string}\"},\"query-input\":{\"@type\":\"PropertyValueSpecification\",\"valueRequired\":true,\"valueName\":\"search_term_string\"}}],\"inLanguage\":\"en-US\"},{\"@type\":\"Organization\",\"@id\":\"https:\/\/pepinieredugarbet.com\/#organization\",\"name\":\"La p\u00e9pini\u00e8re du Garbet\",\"url\":\"https:\/\/pepinieredugarbet.com\/\",\"logo\":{\"@type\":\"ImageObject\",\"inLanguage\":\"en-US\",\"@id\":\"https:\/\/pepinieredugarbet.com\/#\/schema\/logo\/image\/\",\"url\":\"https:\/\/pepinieredugarbet.com\/wp-content\/uploads\/2024\/11\/logo-pepiniere-du-garbet.jpg\",\"contentUrl\":\"https:\/\/pepinieredugarbet.com\/wp-content\/uploads\/2024\/11\/logo-pepiniere-du-garbet.jpg\",\"width\":313,\"height\":170,\"caption\":\"La p\u00e9pini\u00e8re du Garbet\"},\"image\":{\"@id\":\"https:\/\/pepinieredugarbet.com\/#\/schema\/logo\/image\/\"}}]}<\/script>\n<!-- \/ Yoast SEO plugin. -->","yoast_head_json":{"title":"La p\u00e9pini\u00e8re - La p\u00e9pini\u00e8re du Garbet","description":"La p\u00e9pini\u00e8re du Garbet situ\u00e9e en Ari\u00e8ge, au c\u0153ur de la commune d'Erc\u00e9, propose une gamme d'arbres fruitiers de vari\u00e9t\u00e9s locales et nationales","robots":{"index":"index","follow":"follow","max-snippet":"max-snippet:-1","max-image-preview":"max-image-preview:large","max-video-preview":"max-video-preview:-1"},"canonical":"https:\/\/pepinieredugarbet.com\/","og_locale":"en_US","og_type":"article","og_title":"La p\u00e9pini\u00e8re - La p\u00e9pini\u00e8re du Garbet","og_description":"La p\u00e9pini\u00e8re du Garbet situ\u00e9e en Ari\u00e8ge, au c\u0153ur de la commune d'Erc\u00e9, propose une gamme d'arbres fruitiers de vari\u00e9t\u00e9s locales et nationales","og_url":"https:\/\/pepinieredugarbet.com\/","og_site_name":"La p\u00e9pini\u00e8re du Garbet","article_modified_time":"2026-03-04T13:24:39+00:00","twitter_card":"summary_large_image","twitter_misc":{"Est. reading time":"2 minutes"},"schema":{"@context":"https:\/\/schema.org","@graph":[{"@type":"WebPage","@id":"https:\/\/pepinieredugarbet.com\/","url":"https:\/\/pepinieredugarbet.com\/","name":"La p\u00e9pini\u00e8re - La p\u00e9pini\u00e8re du Garbet","isPartOf":{"@id":"https:\/\/pepinieredugarbet.com\/#website"},"datePublished":"2024-11-15T19:27:29+00:00","dateModified":"2026-03-04T13:24:39+00:00","description":"La p\u00e9pini\u00e8re du Garbet situ\u00e9e en Ari\u00e8ge, au c\u0153ur de la commune d'Erc\u00e9, propose une gamme d'arbres fruitiers de vari\u00e9t\u00e9s locales et nationales","breadcrumb":{"@id":"https:\/\/pepinieredugarbet.com\/#breadcrumb"},"inLanguage":"en-US","potentialAction":[{"@type":"ReadAction","target":["https:\/\/pepinieredugarbet.com\/"]}]},{"@type":"BreadcrumbList","@id":"https:\/\/pepinieredugarbet.com\/#breadcrumb","itemListElement":[{"@type":"ListItem","position":1,"name":"Accueil","item":"https:\/\/pepinieredugarbet.com\/"},{"@type":"ListItem","position":2,"name":"La p\u00e9pini\u00e8re"}]},{"@type":"WebSite","@id":"https:\/\/pepinieredugarbet.com\/#website","url":"https:\/\/pepinieredugarbet.com\/","name":"La p\u00e9pini\u00e8re du Garbet","description":"Production de plants d&#039;arbres fruitiers en Ari\u00e8ge","publisher":{"@id":"https:\/\/pepinieredugarbet.com\/#organization"},"potentialAction":[{"@type":"SearchAction","target":{"@type":"EntryPoint","urlTemplate":"https:\/\/pepinieredugarbet.com\/?s={search_term_string}"},"query-input":{"@type":"PropertyValueSpecification","valueRequired":true,"valueName":"search_term_string"}}],"inLanguage":"en-US"},{"@type":"Organization","@id":"https:\/\/pepinieredugarbet.com\/#organization","name":"La p\u00e9pini\u00e8re du Garbet","url":"https:\/\/pepinieredugarbet.com\/","logo":{"@type":"ImageObject","inLanguage":"en-US","@id":"https:\/\/pepinieredugarbet.com\/#\/schema\/logo\/image\/","url":"https:\/\/pepinieredugarbet.com\/wp-content\/uploads\/2024\/11\/logo-pepiniere-du-garbet.jpg","contentUrl":"https:\/\/pepinieredugarbet.com\/wp-content\/uploads\/2024\/11\/logo-pepiniere-du-garbet.jpg","width":313,"height":170,"caption":"La p\u00e9pini\u00e8re du Garbet"},"image":{"@id":"https:\/\/pepinieredugarbet.com\/#\/schema\/logo\/image\/"}}]}},"_links":{"self":[{"href":"https:\/\/pepinieredugarbet.com\/index.php\/wp-json\/wp\/v2\/pages\/11","targetHints":{"allow":["GET"]}}],"collection":[{"href":"https:\/\/pepinieredugarbet.com\/index.php\/wp-json\/wp\/v2\/pages"}],"about":[{"href":"https:\/\/pepinieredugarbet.com\/index.php\/wp-json\/wp\/v2\/types\/page"}],"author":[{"embeddable":true,"href":"https:\/\/pepinieredugarbet.com\/index.php\/wp-json\/wp\/v2\/users\/1"}],"replies":[{"embeddable":true,"href":"https:\/\/pepinieredugarbet.com\/index.php\/wp-json\/wp\/v2\/comments?post=11"}],"version-history":[{"count":29,"href":"https:\/\/pepinieredugarbet.com\/index.php\/wp-json\/wp\/v2\/pages\/11\/revisions"}],"predecessor-version":[{"id":94,"href":"https:\/\/pepinieredugarbet.com\/index.php\/wp-json\/wp\/v2\/pages\/11\/revisions\/94"}],"wp:attachment":[{"href":"https:\/\/pepinieredugarbet.com\/index.php\/wp-json\/wp\/v2\/media?parent=11"}],"curies":[{"name":"wp","href":"https:\/\/api.w.org\/{rel}","templated":true}]}}